{"id":156,"date":"2021-04-14T06:23:10","date_gmt":"2021-04-14T06:23:10","guid":{"rendered":"http:\/\/euroklimat.com.vn\/home\/?page_id=156"},"modified":"2021-04-23T06:55:04","modified_gmt":"2021-04-23T06:55:04","slug":"ung-dung","status":"publish","type":"page","link":"http:\/\/euroklimat.com.vn\/home\/ung-dung\/","title":{"rendered":"\u1ee8ng d\u1ee5ng"},"content":{"rendered":"","protected":false},"excerpt":{"rendered":"","protected":false},"author":1,"featured_media":0,"parent":0,"menu_order":6,"comment_status":"closed","ping_status":"closed","template":"ung-dung.php","meta":{"footnotes":""},"class_list":["post-156","page","type-page","status-publish","hentry"],"yoast_head":"<!-- This site is optimized with the Yoast SEO plugin v23.8 - https:\/\/yoast.com\/wordpress\/plugins\/seo\/ -->\n<title>\u1ee8ng d\u1ee5ng - Euroklimat Vi\u1ec7t Nam<\/title>\n<meta name=\"robots\" content=\"index, follow, max-snippet:-1, max-image-preview:large, max-video-preview:-1\" \/>\n<link rel=\"canonical\" href=\"http:\/\/euroklimat.com.vn\/home\/ung-dung\/\" \/>\n<meta property=\"og:locale\" content=\"vi_VN\" \/>\n<meta property=\"og:type\" content=\"article\" \/>\n<meta property=\"og:title\" content=\"\u1ee8ng d\u1ee5ng - Euroklimat Vi\u1ec7t Nam\" \/>\n<meta property=\"og:url\" content=\"http:\/\/euroklimat.com.vn\/home\/ung-dung\/\" \/>\n<meta property=\"og:site_name\" content=\"Euroklimat Vi\u1ec7t Nam\" \/>\n<meta property=\"article:modified_time\" content=\"2021-04-23T06:55:04+00:00\" \/>\n<meta name=\"twitter:card\" content=\"summary_large_image\" \/>\n<script type=\"application\/ld+json\" class=\"yoast-schema-graph\">{\"@context\":\"https:\/\/schema.org\",\"@graph\":[{\"@type\":\"WebPage\",\"@id\":\"http:\/\/euroklimat.com.vn\/home\/ung-dung\/\",\"url\":\"http:\/\/euroklimat.com.vn\/home\/ung-dung\/\",\"name\":\"\u1ee8ng d\u1ee5ng - Euroklimat Vi\u1ec7t Nam\",\"isPartOf\":{\"@id\":\"http:\/\/euroklimat.com.vn\/home\/#website\"},\"datePublished\":\"2021-04-14T06:23:10+00:00\",\"dateModified\":\"2021-04-23T06:55:04+00:00\",\"breadcrumb\":{\"@id\":\"http:\/\/euroklimat.com.vn\/home\/ung-dung\/#breadcrumb\"},\"inLanguage\":\"vi\",\"potentialAction\":[{\"@type\":\"ReadAction\",\"target\":[\"http:\/\/euroklimat.com.vn\/home\/ung-dung\/\"]}]},{\"@type\":\"BreadcrumbList\",\"@id\":\"http:\/\/euroklimat.com.vn\/home\/ung-dung\/#breadcrumb\",\"itemListElement\":[{\"@type\":\"ListItem\",\"position\":1,\"name\":\"Trang ch\u1ee7\",\"item\":\"http:\/\/euroklimat.com.vn\/home\/\"},{\"@type\":\"ListItem\",\"position\":2,\"name\":\"\u1ee8ng d\u1ee5ng\"}]},{\"@type\":\"WebSite\",\"@id\":\"http:\/\/euroklimat.com.vn\/home\/#website\",\"url\":\"http:\/\/euroklimat.com.vn\/home\/\",\"name\":\"Euroklimat Vi\u1ec7t Nam\",\"description\":\"\u0110i\u1ec1u h\u00f2a Euroklimat | \u0110i\u1ec1u h\u00f2a EK | \u0110i\u1ec1u h\u00f2a trung t\u00e2m Euroklimat | \u0110i\u1ec1u h\u00f2a ch\u00ednh x\u00e1c Euroklimat\",\"potentialAction\":[{\"@type\":\"SearchAction\",\"target\":{\"@type\":\"EntryPoint\",\"urlTemplate\":\"http:\/\/euroklimat.com.vn\/home\/?s={search_term_string}\"},\"query-input\":{\"@type\":\"PropertyValueSpecification\",\"valueRequired\":true,\"valueName\":\"search_term_string\"}}],\"inLanguage\":\"vi\"}]}<\/script>\n<!-- \/ Yoast SEO plugin. -->","yoast_head_json":{"title":"\u1ee8ng d\u1ee5ng - Euroklimat Vi\u1ec7t Nam","robots":{"index":"index","follow":"follow","max-snippet":"max-snippet:-1","max-image-preview":"max-image-preview:large","max-video-preview":"max-video-preview:-1"},"canonical":"http:\/\/euroklimat.com.vn\/home\/ung-dung\/","og_locale":"vi_VN","og_type":"article","og_title":"\u1ee8ng d\u1ee5ng - Euroklimat Vi\u1ec7t Nam","og_url":"http:\/\/euroklimat.com.vn\/home\/ung-dung\/","og_site_name":"Euroklimat Vi\u1ec7t Nam","article_modified_time":"2021-04-23T06:55:04+00:00","twitter_card":"summary_large_image","schema":{"@context":"https:\/\/schema.org","@graph":[{"@type":"WebPage","@id":"http:\/\/euroklimat.com.vn\/home\/ung-dung\/","url":"http:\/\/euroklimat.com.vn\/home\/ung-dung\/","name":"\u1ee8ng d\u1ee5ng - Euroklimat Vi\u1ec7t Nam","isPartOf":{"@id":"http:\/\/euroklimat.com.vn\/home\/#website"},"datePublished":"2021-04-14T06:23:10+00:00","dateModified":"2021-04-23T06:55:04+00:00","breadcrumb":{"@id":"http:\/\/euroklimat.com.vn\/home\/ung-dung\/#breadcrumb"},"inLanguage":"vi","potentialAction":[{"@type":"ReadAction","target":["http:\/\/euroklimat.com.vn\/home\/ung-dung\/"]}]},{"@type":"BreadcrumbList","@id":"http:\/\/euroklimat.com.vn\/home\/ung-dung\/#breadcrumb","itemListElement":[{"@type":"ListItem","position":1,"name":"Trang ch\u1ee7","item":"http:\/\/euroklimat.com.vn\/home\/"},{"@type":"ListItem","position":2,"name":"\u1ee8ng d\u1ee5ng"}]},{"@type":"WebSite","@id":"http:\/\/euroklimat.com.vn\/home\/#website","url":"http:\/\/euroklimat.com.vn\/home\/","name":"Euroklimat Vi\u1ec7t Nam","description":"\u0110i\u1ec1u h\u00f2a Euroklimat | \u0110i\u1ec1u h\u00f2a EK | \u0110i\u1ec1u h\u00f2a trung t\u00e2m Euroklimat | \u0110i\u1ec1u h\u00f2a ch\u00ednh x\u00e1c Euroklimat","potentialAction":[{"@type":"SearchAction","target":{"@type":"EntryPoint","urlTemplate":"http:\/\/euroklimat.com.vn\/home\/?s={search_term_string}"},"query-input":{"@type":"PropertyValueSpecification","valueRequired":true,"valueName":"search_term_string"}}],"inLanguage":"vi"}]}},"_links":{"self":[{"href":"http:\/\/euroklimat.com.vn\/home\/wp-json\/wp\/v2\/pages\/156","targetHints":{"allow":["GET"]}}],"collection":[{"href":"http:\/\/euroklimat.com.vn\/home\/wp-json\/wp\/v2\/pages"}],"about":[{"href":"http:\/\/euroklimat.com.vn\/home\/wp-json\/wp\/v2\/types\/page"}],"author":[{"embeddable":true,"href":"http:\/\/euroklimat.com.vn\/home\/wp-json\/wp\/v2\/users\/1"}],"replies":[{"embeddable":true,"href":"http:\/\/euroklimat.com.vn\/home\/wp-json\/wp\/v2\/comments?post=156"}],"version-history":[{"count":2,"href":"http:\/\/euroklimat.com.vn\/home\/wp-json\/wp\/v2\/pages\/156\/revisions"}],"predecessor-version":[{"id":191,"href":"http:\/\/euroklimat.com.vn\/home\/wp-json\/wp\/v2\/pages\/156\/revisions\/191"}],"wp:attachment":[{"href":"http:\/\/euroklimat.com.vn\/home\/wp-json\/wp\/v2\/media?parent=156"}],"curies":[{"name":"wp","href":"https:\/\/api.w.org\/{rel}","templated":true}]}}