{"id":123,"date":"2021-04-13T07:16:26","date_gmt":"2021-04-13T07:16:26","guid":{"rendered":"http:\/\/euroklimat.com.vn\/home\/?page_id=123"},"modified":"2021-04-13T15:56:16","modified_gmt":"2021-04-13T15:56:16","slug":"organisation","status":"publish","type":"page","link":"https:\/\/euroklimat.com.vn\/home\/about-us\/organisation\/","title":{"rendered":"ORGANISATION"},"content":{"rendered":"<h4>Marketing<\/h4>\n<p>Since the company was set up in 1963, Euroklimat has been searching for new products using the latest technology, with maximum focus on the market demands and requests, aimed at user satisfaction.<\/p>\n<h4>Sales network<\/h4>\n<p>Besides guaranteeing a well-established presence in several countries, internal market representatives and distributors or branches abroad collect market feedback and send it to the company; this lies at the root of the product or organisation&#8217;s constant growth and improvement.<\/p>\n<h4>Precision design<\/h4>\n<p>All parts of the equipment are designed internally, guaranteeing the necessary competence in terms of both refrigeration-mechanics and electrics-electronics, while respecting the applicable regulations in the various countries of destination.<br \/>\nA scrupulous, sophisticated quality procedure controls the conformity of the design with the purchased components and product development.<\/p>\n<p>The information obtained from the international market is sent to the head office, and constitutes the basis for the product and organisation&#8217;s constant growth and improvement.<\/p>\n","protected":false},"excerpt":{"rendered":"<p>Marketing Since the company was set up in 1963, Euroklimat has been searching for new products using the latest technology, with maximum focus on the market demands and requests, aimed at user satisfaction. Sales network Besides guaranteeing a well-established presence in several countries, internal market representatives and distributors or branches abroad collect market feedback and [&hellip;]<\/p>\n","protected":false},"author":1,"featured_media":0,"parent":114,"menu_order":12,"comment_status":"closed","ping_status":"closed","template":"about_us.php","meta":{"footnotes":""},"class_list":["post-123","page","type-page","status-publish","hentry"],"yoast_head":"<!-- This site is optimized with the Yoast SEO plugin v23.8 - https:\/\/yoast.com\/wordpress\/plugins\/seo\/ -->\n<title>ORGANISATION - Euroklimat Vi\u1ec7t Nam<\/title>\n<meta name=\"robots\" content=\"index, follow, max-snippet:-1, max-image-preview:large, max-video-preview:-1\" \/>\n<link rel=\"canonical\" href=\"https:\/\/euroklimat.com.vn\/home\/about-us\/organisation\/\" \/>\n<meta property=\"og:locale\" content=\"vi_VN\" \/>\n<meta property=\"og:type\" content=\"article\" \/>\n<meta property=\"og:title\" content=\"ORGANISATION - Euroklimat Vi\u1ec7t Nam\" \/>\n<meta property=\"og:description\" content=\"Marketing Since the company was set up in 1963, Euroklimat has been searching for new products using the latest technology, with maximum focus on the market demands and requests, aimed at user satisfaction. Sales network Besides guaranteeing a well-established presence in several countries, internal market representatives and distributors or branches abroad collect market feedback and [&hellip;]\" \/>\n<meta property=\"og:url\" content=\"https:\/\/euroklimat.com.vn\/home\/about-us\/organisation\/\" \/>\n<meta property=\"og:site_name\" content=\"Euroklimat Vi\u1ec7t Nam\" \/>\n<meta property=\"article:modified_time\" content=\"2021-04-13T15:56:16+00:00\" \/>\n<meta name=\"twitter:card\" content=\"summary_large_image\" \/>\n<meta name=\"twitter:label1\" content=\"\u01af\u1edbc t\u00ednh th\u1eddi gian \u0111\u1ecdc\" \/>\n\t<meta name=\"twitter:data1\" content=\"1 ph\u00fat\" \/>\n<script type=\"application\/ld+json\" class=\"yoast-schema-graph\">{\"@context\":\"https:\/\/schema.org\",\"@graph\":[{\"@type\":\"WebPage\",\"@id\":\"https:\/\/euroklimat.com.vn\/home\/about-us\/organisation\/\",\"url\":\"https:\/\/euroklimat.com.vn\/home\/about-us\/organisation\/\",\"name\":\"ORGANISATION - Euroklimat Vi\u1ec7t Nam\",\"isPartOf\":{\"@id\":\"https:\/\/euroklimat.com.vn\/home\/#website\"},\"datePublished\":\"2021-04-13T07:16:26+00:00\",\"dateModified\":\"2021-04-13T15:56:16+00:00\",\"breadcrumb\":{\"@id\":\"https:\/\/euroklimat.com.vn\/home\/about-us\/organisation\/#breadcrumb\"},\"inLanguage\":\"vi\",\"potentialAction\":[{\"@type\":\"ReadAction\",\"target\":[\"https:\/\/euroklimat.com.vn\/home\/about-us\/organisation\/\"]}]},{\"@type\":\"BreadcrumbList\",\"@id\":\"https:\/\/euroklimat.com.vn\/home\/about-us\/organisation\/#breadcrumb\",\"itemListElement\":[{\"@type\":\"ListItem\",\"position\":1,\"name\":\"Trang ch\u1ee7\",\"item\":\"https:\/\/euroklimat.com.vn\/home\/\"},{\"@type\":\"ListItem\",\"position\":2,\"name\":\"ABOUT US\",\"item\":\"https:\/\/euroklimat.com.vn\/home\/about-us\/\"},{\"@type\":\"ListItem\",\"position\":3,\"name\":\"ORGANISATION\"}]},{\"@type\":\"WebSite\",\"@id\":\"https:\/\/euroklimat.com.vn\/home\/#website\",\"url\":\"https:\/\/euroklimat.com.vn\/home\/\",\"name\":\"Euroklimat Vi\u1ec7t Nam\",\"description\":\"\u0110i\u1ec1u h\u00f2a Euroklimat | \u0110i\u1ec1u h\u00f2a EK | \u0110i\u1ec1u h\u00f2a trung t\u00e2m Euroklimat | \u0110i\u1ec1u h\u00f2a ch\u00ednh x\u00e1c Euroklimat\",\"potentialAction\":[{\"@type\":\"SearchAction\",\"target\":{\"@type\":\"EntryPoint\",\"urlTemplate\":\"https:\/\/euroklimat.com.vn\/home\/?s={search_term_string}\"},\"query-input\":{\"@type\":\"PropertyValueSpecification\",\"valueRequired\":true,\"valueName\":\"search_term_string\"}}],\"inLanguage\":\"vi\"}]}<\/script>\n<!-- \/ Yoast SEO plugin. -->","yoast_head_json":{"title":"ORGANISATION - Euroklimat Vi\u1ec7t Nam","robots":{"index":"index","follow":"follow","max-snippet":"max-snippet:-1","max-image-preview":"max-image-preview:large","max-video-preview":"max-video-preview:-1"},"canonical":"https:\/\/euroklimat.com.vn\/home\/about-us\/organisation\/","og_locale":"vi_VN","og_type":"article","og_title":"ORGANISATION - Euroklimat Vi\u1ec7t Nam","og_description":"Marketing Since the company was set up in 1963, Euroklimat has been searching for new products using the latest technology, with maximum focus on the market demands and requests, aimed at user satisfaction. Sales network Besides guaranteeing a well-established presence in several countries, internal market representatives and distributors or branches abroad collect market feedback and [&hellip;]","og_url":"https:\/\/euroklimat.com.vn\/home\/about-us\/organisation\/","og_site_name":"Euroklimat Vi\u1ec7t Nam","article_modified_time":"2021-04-13T15:56:16+00:00","twitter_card":"summary_large_image","twitter_misc":{"\u01af\u1edbc t\u00ednh th\u1eddi gian \u0111\u1ecdc":"1 ph\u00fat"},"schema":{"@context":"https:\/\/schema.org","@graph":[{"@type":"WebPage","@id":"https:\/\/euroklimat.com.vn\/home\/about-us\/organisation\/","url":"https:\/\/euroklimat.com.vn\/home\/about-us\/organisation\/","name":"ORGANISATION - Euroklimat Vi\u1ec7t Nam","isPartOf":{"@id":"https:\/\/euroklimat.com.vn\/home\/#website"},"datePublished":"2021-04-13T07:16:26+00:00","dateModified":"2021-04-13T15:56:16+00:00","breadcrumb":{"@id":"https:\/\/euroklimat.com.vn\/home\/about-us\/organisation\/#breadcrumb"},"inLanguage":"vi","potentialAction":[{"@type":"ReadAction","target":["https:\/\/euroklimat.com.vn\/home\/about-us\/organisation\/"]}]},{"@type":"BreadcrumbList","@id":"https:\/\/euroklimat.com.vn\/home\/about-us\/organisation\/#breadcrumb","itemListElement":[{"@type":"ListItem","position":1,"name":"Trang ch\u1ee7","item":"https:\/\/euroklimat.com.vn\/home\/"},{"@type":"ListItem","position":2,"name":"ABOUT US","item":"https:\/\/euroklimat.com.vn\/home\/about-us\/"},{"@type":"ListItem","position":3,"name":"ORGANISATION"}]},{"@type":"WebSite","@id":"https:\/\/euroklimat.com.vn\/home\/#website","url":"https:\/\/euroklimat.com.vn\/home\/","name":"Euroklimat Vi\u1ec7t Nam","description":"\u0110i\u1ec1u h\u00f2a Euroklimat | \u0110i\u1ec1u h\u00f2a EK | \u0110i\u1ec1u h\u00f2a trung t\u00e2m Euroklimat | \u0110i\u1ec1u h\u00f2a ch\u00ednh x\u00e1c Euroklimat","potentialAction":[{"@type":"SearchAction","target":{"@type":"EntryPoint","urlTemplate":"https:\/\/euroklimat.com.vn\/home\/?s={search_term_string}"},"query-input":{"@type":"PropertyValueSpecification","valueRequired":true,"valueName":"search_term_string"}}],"inLanguage":"vi"}]}},"_links":{"self":[{"href":"https:\/\/euroklimat.com.vn\/home\/wp-json\/wp\/v2\/pages\/123","targetHints":{"allow":["GET"]}}],"collection":[{"href":"https:\/\/euroklimat.com.vn\/home\/wp-json\/wp\/v2\/pages"}],"about":[{"href":"https:\/\/euroklimat.com.vn\/home\/wp-json\/wp\/v2\/types\/page"}],"author":[{"embeddable":true,"href":"https:\/\/euroklimat.com.vn\/home\/wp-json\/wp\/v2\/users\/1"}],"replies":[{"embeddable":true,"href":"https:\/\/euroklimat.com.vn\/home\/wp-json\/wp\/v2\/comments?post=123"}],"version-history":[{"count":1,"href":"https:\/\/euroklimat.com.vn\/home\/wp-json\/wp\/v2\/pages\/123\/revisions"}],"predecessor-version":[{"id":124,"href":"https:\/\/euroklimat.com.vn\/home\/wp-json\/wp\/v2\/pages\/123\/revisions\/124"}],"up":[{"embeddable":true,"href":"https:\/\/euroklimat.com.vn\/home\/wp-json\/wp\/v2\/pages\/114"}],"wp:attachment":[{"href":"https:\/\/euroklimat.com.vn\/home\/wp-json\/wp\/v2\/media?parent=123"}],"curies":[{"name":"wp","href":"https:\/\/api.w.org\/{rel}","templated":true}]}}