{"id":127,"date":"2021-04-13T07:18:30","date_gmt":"2021-04-13T07:18:30","guid":{"rendered":"http:\/\/euroklimat.com.vn\/home\/?page_id=127"},"modified":"2021-07-16T01:57:35","modified_gmt":"2021-07-16T01:57:35","slug":"khach-hang","status":"publish","type":"page","link":"https:\/\/euroklimat.com.vn\/home\/about-us\/khach-hang\/","title":{"rendered":"Kh\u00e1ch h\u00e0ng"},"content":{"rendered":"<p style=\"text-align: center;\"><strong>C\u00c1C TH\u01af\u01a0NG HI\u1ec6U \u0110ANG S\u1eec D\u1ee4NG S\u1ea2N PH\u1ea8M \u0110I\u1ec0U HO\u00c0 KH\u00d4NG KH\u00cd EUROKLIMAT (EK)<\/strong><\/p>\n<p style=\"text-align: center;\"><img loading=\"lazy\" decoding=\"async\" class=\"alignnone size-full wp-image-232\" src=\"https:\/\/euroklimat.com.vn\/home\/wp-content\/uploads\/2021\/07\/doitac.jpg\" alt=\"\" width=\"1500\" height=\"1664\" srcset=\"https:\/\/euroklimat.com.vn\/home\/wp-content\/uploads\/2021\/07\/doitac.jpg 1500w, https:\/\/euroklimat.com.vn\/home\/wp-content\/uploads\/2021\/07\/doitac-270x300.jpg 270w, https:\/\/euroklimat.com.vn\/home\/wp-content\/uploads\/2021\/07\/doitac-923x1024.jpg 923w, https:\/\/euroklimat.com.vn\/home\/wp-content\/uploads\/2021\/07\/doitac-768x852.jpg 768w, https:\/\/euroklimat.com.vn\/home\/wp-content\/uploads\/2021\/07\/doitac-1385x1536.jpg 1385w\" sizes=\"auto, (max-width: 1500px) 100vw, 1500px\" \/><\/p>\n<p style=\"text-align: center;\">\n","protected":false},"excerpt":{"rendered":"<p>C\u00c1C TH\u01af\u01a0NG HI\u1ec6U \u0110ANG S\u1eec D\u1ee4NG S\u1ea2N PH\u1ea8M \u0110I\u1ec0U HO\u00c0 KH\u00d4NG KH\u00cd EUROKLIMAT (EK)<\/p>\n","protected":false},"author":1,"featured_media":0,"parent":114,"menu_order":13,"comment_status":"closed","ping_status":"closed","template":"about_us.php","meta":{"footnotes":""},"class_list":["post-127","page","type-page","status-publish","hentry"],"yoast_head":"<!-- This site is optimized with the Yoast SEO plugin v23.8 - https:\/\/yoast.com\/wordpress\/plugins\/seo\/ -->\n<title>Kh\u00e1ch h\u00e0ng - Euroklimat Vi\u1ec7t Nam<\/title>\n<meta name=\"robots\" content=\"index, follow, max-snippet:-1, max-image-preview:large, max-video-preview:-1\" \/>\n<link rel=\"canonical\" href=\"http:\/\/euroklimat.com.vn\/home\/about-us\/khach-hang\/\" \/>\n<meta property=\"og:locale\" content=\"vi_VN\" \/>\n<meta property=\"og:type\" content=\"article\" \/>\n<meta property=\"og:title\" content=\"Kh\u00e1ch h\u00e0ng - Euroklimat Vi\u1ec7t Nam\" \/>\n<meta property=\"og:description\" content=\"C\u00c1C TH\u01af\u01a0NG HI\u1ec6U \u0110ANG S\u1eec D\u1ee4NG S\u1ea2N PH\u1ea8M \u0110I\u1ec0U HO\u00c0 KH\u00d4NG KH\u00cd EUROKLIMAT (EK)\" \/>\n<meta property=\"og:url\" content=\"http:\/\/euroklimat.com.vn\/home\/about-us\/khach-hang\/\" \/>\n<meta property=\"og:site_name\" content=\"Euroklimat Vi\u1ec7t Nam\" \/>\n<meta property=\"article:modified_time\" content=\"2021-07-16T01:57:35+00:00\" \/>\n<meta property=\"og:image\" content=\"https:\/\/euroklimat.com.vn\/home\/wp-content\/uploads\/2021\/07\/doitac.jpg\" \/>\n<meta name=\"twitter:card\" content=\"summary_large_image\" \/>\n<meta name=\"twitter:label1\" content=\"\u01af\u1edbc t\u00ednh th\u1eddi gian \u0111\u1ecdc\" \/>\n\t<meta name=\"twitter:data1\" content=\"1 ph\u00fat\" \/>\n<script type=\"application\/ld+json\" class=\"yoast-schema-graph\">{\"@context\":\"https:\/\/schema.org\",\"@graph\":[{\"@type\":\"WebPage\",\"@id\":\"http:\/\/euroklimat.com.vn\/home\/about-us\/khach-hang\/\",\"url\":\"http:\/\/euroklimat.com.vn\/home\/about-us\/khach-hang\/\",\"name\":\"Kh\u00e1ch h\u00e0ng - Euroklimat Vi\u1ec7t Nam\",\"isPartOf\":{\"@id\":\"https:\/\/euroklimat.com.vn\/home\/#website\"},\"primaryImageOfPage\":{\"@id\":\"http:\/\/euroklimat.com.vn\/home\/about-us\/khach-hang\/#primaryimage\"},\"image\":{\"@id\":\"http:\/\/euroklimat.com.vn\/home\/about-us\/khach-hang\/#primaryimage\"},\"thumbnailUrl\":\"https:\/\/euroklimat.com.vn\/home\/wp-content\/uploads\/2021\/07\/doitac.jpg\",\"datePublished\":\"2021-04-13T07:18:30+00:00\",\"dateModified\":\"2021-07-16T01:57:35+00:00\",\"breadcrumb\":{\"@id\":\"http:\/\/euroklimat.com.vn\/home\/about-us\/khach-hang\/#breadcrumb\"},\"inLanguage\":\"vi\",\"potentialAction\":[{\"@type\":\"ReadAction\",\"target\":[\"http:\/\/euroklimat.com.vn\/home\/about-us\/khach-hang\/\"]}]},{\"@type\":\"ImageObject\",\"inLanguage\":\"vi\",\"@id\":\"http:\/\/euroklimat.com.vn\/home\/about-us\/khach-hang\/#primaryimage\",\"url\":\"https:\/\/euroklimat.com.vn\/home\/wp-content\/uploads\/2021\/07\/doitac.jpg\",\"contentUrl\":\"https:\/\/euroklimat.com.vn\/home\/wp-content\/uploads\/2021\/07\/doitac.jpg\",\"width\":1500,\"height\":1664},{\"@type\":\"BreadcrumbList\",\"@id\":\"http:\/\/euroklimat.com.vn\/home\/about-us\/khach-hang\/#breadcrumb\",\"itemListElement\":[{\"@type\":\"ListItem\",\"position\":1,\"name\":\"Trang ch\u1ee7\",\"item\":\"https:\/\/euroklimat.com.vn\/home\/\"},{\"@type\":\"ListItem\",\"position\":2,\"name\":\"ABOUT US\",\"item\":\"https:\/\/euroklimat.com.vn\/home\/about-us\/\"},{\"@type\":\"ListItem\",\"position\":3,\"name\":\"Kh\u00e1ch h\u00e0ng\"}]},{\"@type\":\"WebSite\",\"@id\":\"https:\/\/euroklimat.com.vn\/home\/#website\",\"url\":\"https:\/\/euroklimat.com.vn\/home\/\",\"name\":\"Euroklimat Vi\u1ec7t Nam\",\"description\":\"\u0110i\u1ec1u h\u00f2a Euroklimat | \u0110i\u1ec1u h\u00f2a EK | \u0110i\u1ec1u h\u00f2a trung t\u00e2m Euroklimat | \u0110i\u1ec1u h\u00f2a ch\u00ednh x\u00e1c Euroklimat\",\"potentialAction\":[{\"@type\":\"SearchAction\",\"target\":{\"@type\":\"EntryPoint\",\"urlTemplate\":\"https:\/\/euroklimat.com.vn\/home\/?s={search_term_string}\"},\"query-input\":{\"@type\":\"PropertyValueSpecification\",\"valueRequired\":true,\"valueName\":\"search_term_string\"}}],\"inLanguage\":\"vi\"}]}<\/script>\n<!-- \/ Yoast SEO plugin. -->","yoast_head_json":{"title":"Kh\u00e1ch h\u00e0ng - Euroklimat Vi\u1ec7t Nam","robots":{"index":"index","follow":"follow","max-snippet":"max-snippet:-1","max-image-preview":"max-image-preview:large","max-video-preview":"max-video-preview:-1"},"canonical":"http:\/\/euroklimat.com.vn\/home\/about-us\/khach-hang\/","og_locale":"vi_VN","og_type":"article","og_title":"Kh\u00e1ch h\u00e0ng - Euroklimat Vi\u1ec7t Nam","og_description":"C\u00c1C TH\u01af\u01a0NG HI\u1ec6U \u0110ANG S\u1eec D\u1ee4NG S\u1ea2N PH\u1ea8M \u0110I\u1ec0U HO\u00c0 KH\u00d4NG KH\u00cd EUROKLIMAT (EK)","og_url":"http:\/\/euroklimat.com.vn\/home\/about-us\/khach-hang\/","og_site_name":"Euroklimat Vi\u1ec7t Nam","article_modified_time":"2021-07-16T01:57:35+00:00","og_image":[{"url":"https:\/\/euroklimat.com.vn\/home\/wp-content\/uploads\/2021\/07\/doitac.jpg"}],"twitter_card":"summary_large_image","twitter_misc":{"\u01af\u1edbc t\u00ednh th\u1eddi gian \u0111\u1ecdc":"1 ph\u00fat"},"schema":{"@context":"https:\/\/schema.org","@graph":[{"@type":"WebPage","@id":"http:\/\/euroklimat.com.vn\/home\/about-us\/khach-hang\/","url":"http:\/\/euroklimat.com.vn\/home\/about-us\/khach-hang\/","name":"Kh\u00e1ch h\u00e0ng - Euroklimat Vi\u1ec7t Nam","isPartOf":{"@id":"https:\/\/euroklimat.com.vn\/home\/#website"},"primaryImageOfPage":{"@id":"http:\/\/euroklimat.com.vn\/home\/about-us\/khach-hang\/#primaryimage"},"image":{"@id":"http:\/\/euroklimat.com.vn\/home\/about-us\/khach-hang\/#primaryimage"},"thumbnailUrl":"https:\/\/euroklimat.com.vn\/home\/wp-content\/uploads\/2021\/07\/doitac.jpg","datePublished":"2021-04-13T07:18:30+00:00","dateModified":"2021-07-16T01:57:35+00:00","breadcrumb":{"@id":"http:\/\/euroklimat.com.vn\/home\/about-us\/khach-hang\/#breadcrumb"},"inLanguage":"vi","potentialAction":[{"@type":"ReadAction","target":["http:\/\/euroklimat.com.vn\/home\/about-us\/khach-hang\/"]}]},{"@type":"ImageObject","inLanguage":"vi","@id":"http:\/\/euroklimat.com.vn\/home\/about-us\/khach-hang\/#primaryimage","url":"https:\/\/euroklimat.com.vn\/home\/wp-content\/uploads\/2021\/07\/doitac.jpg","contentUrl":"https:\/\/euroklimat.com.vn\/home\/wp-content\/uploads\/2021\/07\/doitac.jpg","width":1500,"height":1664},{"@type":"BreadcrumbList","@id":"http:\/\/euroklimat.com.vn\/home\/about-us\/khach-hang\/#breadcrumb","itemListElement":[{"@type":"ListItem","position":1,"name":"Trang ch\u1ee7","item":"https:\/\/euroklimat.com.vn\/home\/"},{"@type":"ListItem","position":2,"name":"ABOUT US","item":"https:\/\/euroklimat.com.vn\/home\/about-us\/"},{"@type":"ListItem","position":3,"name":"Kh\u00e1ch h\u00e0ng"}]},{"@type":"WebSite","@id":"https:\/\/euroklimat.com.vn\/home\/#website","url":"https:\/\/euroklimat.com.vn\/home\/","name":"Euroklimat Vi\u1ec7t Nam","description":"\u0110i\u1ec1u h\u00f2a Euroklimat | \u0110i\u1ec1u h\u00f2a EK | \u0110i\u1ec1u h\u00f2a trung t\u00e2m Euroklimat | \u0110i\u1ec1u h\u00f2a ch\u00ednh x\u00e1c Euroklimat","potentialAction":[{"@type":"SearchAction","target":{"@type":"EntryPoint","urlTemplate":"https:\/\/euroklimat.com.vn\/home\/?s={search_term_string}"},"query-input":{"@type":"PropertyValueSpecification","valueRequired":true,"valueName":"search_term_string"}}],"inLanguage":"vi"}]}},"_links":{"self":[{"href":"https:\/\/euroklimat.com.vn\/home\/wp-json\/wp\/v2\/pages\/127","targetHints":{"allow":["GET"]}}],"collection":[{"href":"https:\/\/euroklimat.com.vn\/home\/wp-json\/wp\/v2\/pages"}],"about":[{"href":"https:\/\/euroklimat.com.vn\/home\/wp-json\/wp\/v2\/types\/page"}],"author":[{"embeddable":true,"href":"https:\/\/euroklimat.com.vn\/home\/wp-json\/wp\/v2\/users\/1"}],"replies":[{"embeddable":true,"href":"https:\/\/euroklimat.com.vn\/home\/wp-json\/wp\/v2\/comments?post=127"}],"version-history":[{"count":5,"href":"https:\/\/euroklimat.com.vn\/home\/wp-json\/wp\/v2\/pages\/127\/revisions"}],"predecessor-version":[{"id":233,"href":"https:\/\/euroklimat.com.vn\/home\/wp-json\/wp\/v2\/pages\/127\/revisions\/233"}],"up":[{"embeddable":true,"href":"https:\/\/euroklimat.com.vn\/home\/wp-json\/wp\/v2\/pages\/114"}],"wp:attachment":[{"href":"https:\/\/euroklimat.com.vn\/home\/wp-json\/wp\/v2\/media?parent=127"}],"curies":[{"name":"wp","href":"https:\/\/api.w.org\/{rel}","templated":true}]}}