{"id":173,"date":"2021-04-15T06:40:50","date_gmt":"2021-04-15T06:40:50","guid":{"rendered":"http:\/\/euroklimat.com.vn\/home\/?page_id=173"},"modified":"2021-07-16T02:36:23","modified_gmt":"2021-07-16T02:36:23","slug":"lien-he","status":"publish","type":"page","link":"https:\/\/euroklimat.com.vn\/home\/lien-he\/","title":{"rendered":"Li\u00ean h\u1ec7"},"content":{"rendered":"<h6>EUROKLIMAT VI\u1ec6T NAM<\/h6>\n<p class=\"infoContatti\"><em>V\u0103n ph\u00f2ng mi\u1ec1n B\u1eafc<\/em><br \/>\n\u0110C: 6\/100 Kh\u01b0\u01a1ng Th\u01b0\u1ee3ng &#8211; \u0110\u1ed1ng \u0110a &#8211; H\u00e0 N\u1ed9i.<br \/>\nHotline: 090 23 23 123<br \/>\nEmail: vodinhhien@sbsvietnam.vn<br \/>\n<a href=\"http:\/\/www.euroklimat.com.vn\" target=\"_blank\" rel=\"noopener\">www.euroklimat.com.vn<\/a><\/p>\n<p class=\"infoContatti\"><em>V\u0103n ph\u00f2ng mi\u1ec1n Nam<\/em><br \/>\n\u0110C: S42-2 SkyGarden 3, Ph\u00fa M\u1ef9 H\u01b0ng &#8211; Q7 &#8211; TP.HCM<br \/>\nHotline: 090 23 23 123<br \/>\nEmail: vodinhhien@sbsvietnam.vn<\/p>\n","protected":false},"excerpt":{"rendered":"<p>EUROKLIMAT VI\u1ec6T NAM V\u0103n ph\u00f2ng mi\u1ec1n B\u1eafc \u0110C: 6\/100 Kh\u01b0\u01a1ng Th\u01b0\u1ee3ng &#8211; \u0110\u1ed1ng \u0110a &#8211; H\u00e0 N\u1ed9i. Hotline: 090 23 23 123 Email: vodinhhien@sbsvietnam.vn www.euroklimat.com.vn V\u0103n ph\u00f2ng mi\u1ec1n Nam \u0110C: S42-2 SkyGarden 3, Ph\u00fa M\u1ef9 H\u01b0ng &#8211; Q7 &#8211; TP.HCM Hotline: 090 23 23 123 Email: vodinhhien@sbsvietnam.vn<\/p>\n","protected":false},"author":1,"featured_media":0,"parent":0,"menu_order":2,"comment_status":"closed","ping_status":"closed","template":"lien-he.php","meta":{"footnotes":""},"class_list":["post-173","page","type-page","status-publish","hentry"],"yoast_head":"<!-- This site is optimized with the Yoast SEO plugin v23.8 - https:\/\/yoast.com\/wordpress\/plugins\/seo\/ -->\n<title>Li\u00ean h\u1ec7 - Euroklimat Vi\u1ec7t Nam<\/title>\n<meta name=\"robots\" content=\"index, follow, max-snippet:-1, max-image-preview:large, max-video-preview:-1\" \/>\n<link rel=\"canonical\" href=\"https:\/\/euroklimat.com.vn\/home\/lien-he\/\" \/>\n<meta property=\"og:locale\" content=\"vi_VN\" \/>\n<meta property=\"og:type\" content=\"article\" \/>\n<meta property=\"og:title\" content=\"Li\u00ean h\u1ec7 - Euroklimat Vi\u1ec7t Nam\" \/>\n<meta property=\"og:description\" content=\"EUROKLIMAT VI\u1ec6T NAM V\u0103n ph\u00f2ng mi\u1ec1n B\u1eafc \u0110C: 6\/100 Kh\u01b0\u01a1ng Th\u01b0\u1ee3ng &#8211; \u0110\u1ed1ng \u0110a &#8211; H\u00e0 N\u1ed9i. Hotline: 090 23 23 123 Email: vodinhhien@sbsvietnam.vn www.euroklimat.com.vn V\u0103n ph\u00f2ng mi\u1ec1n Nam \u0110C: S42-2 SkyGarden 3, Ph\u00fa M\u1ef9 H\u01b0ng &#8211; Q7 &#8211; TP.HCM Hotline: 090 23 23 123 Email: vodinhhien@sbsvietnam.vn\" \/>\n<meta property=\"og:url\" content=\"https:\/\/euroklimat.com.vn\/home\/lien-he\/\" \/>\n<meta property=\"og:site_name\" content=\"Euroklimat Vi\u1ec7t Nam\" \/>\n<meta property=\"article:modified_time\" content=\"2021-07-16T02:36:23+00:00\" \/>\n<meta name=\"twitter:card\" content=\"summary_large_image\" \/>\n<meta name=\"twitter:label1\" content=\"\u01af\u1edbc t\u00ednh th\u1eddi gian \u0111\u1ecdc\" \/>\n\t<meta name=\"twitter:data1\" content=\"1 ph\u00fat\" \/>\n<script type=\"application\/ld+json\" class=\"yoast-schema-graph\">{\"@context\":\"https:\/\/schema.org\",\"@graph\":[{\"@type\":\"WebPage\",\"@id\":\"https:\/\/euroklimat.com.vn\/home\/lien-he\/\",\"url\":\"https:\/\/euroklimat.com.vn\/home\/lien-he\/\",\"name\":\"Li\u00ean h\u1ec7 - Euroklimat Vi\u1ec7t Nam\",\"isPartOf\":{\"@id\":\"https:\/\/euroklimat.com.vn\/home\/#website\"},\"datePublished\":\"2021-04-15T06:40:50+00:00\",\"dateModified\":\"2021-07-16T02:36:23+00:00\",\"breadcrumb\":{\"@id\":\"https:\/\/euroklimat.com.vn\/home\/lien-he\/#breadcrumb\"},\"inLanguage\":\"vi\",\"potentialAction\":[{\"@type\":\"ReadAction\",\"target\":[\"https:\/\/euroklimat.com.vn\/home\/lien-he\/\"]}]},{\"@type\":\"BreadcrumbList\",\"@id\":\"https:\/\/euroklimat.com.vn\/home\/lien-he\/#breadcrumb\",\"itemListElement\":[{\"@type\":\"ListItem\",\"position\":1,\"name\":\"Trang ch\u1ee7\",\"item\":\"https:\/\/euroklimat.com.vn\/home\/\"},{\"@type\":\"ListItem\",\"position\":2,\"name\":\"Li\u00ean h\u1ec7\"}]},{\"@type\":\"WebSite\",\"@id\":\"https:\/\/euroklimat.com.vn\/home\/#website\",\"url\":\"https:\/\/euroklimat.com.vn\/home\/\",\"name\":\"Euroklimat Vi\u1ec7t Nam\",\"description\":\"\u0110i\u1ec1u h\u00f2a Euroklimat | \u0110i\u1ec1u h\u00f2a EK | \u0110i\u1ec1u h\u00f2a trung t\u00e2m Euroklimat | \u0110i\u1ec1u h\u00f2a ch\u00ednh x\u00e1c Euroklimat\",\"potentialAction\":[{\"@type\":\"SearchAction\",\"target\":{\"@type\":\"EntryPoint\",\"urlTemplate\":\"https:\/\/euroklimat.com.vn\/home\/?s={search_term_string}\"},\"query-input\":{\"@type\":\"PropertyValueSpecification\",\"valueRequired\":true,\"valueName\":\"search_term_string\"}}],\"inLanguage\":\"vi\"}]}<\/script>\n<!-- \/ Yoast SEO plugin. -->","yoast_head_json":{"title":"Li\u00ean h\u1ec7 - Euroklimat Vi\u1ec7t Nam","robots":{"index":"index","follow":"follow","max-snippet":"max-snippet:-1","max-image-preview":"max-image-preview:large","max-video-preview":"max-video-preview:-1"},"canonical":"https:\/\/euroklimat.com.vn\/home\/lien-he\/","og_locale":"vi_VN","og_type":"article","og_title":"Li\u00ean h\u1ec7 - Euroklimat Vi\u1ec7t Nam","og_description":"EUROKLIMAT VI\u1ec6T NAM V\u0103n ph\u00f2ng mi\u1ec1n B\u1eafc \u0110C: 6\/100 Kh\u01b0\u01a1ng Th\u01b0\u1ee3ng &#8211; \u0110\u1ed1ng \u0110a &#8211; H\u00e0 N\u1ed9i. Hotline: 090 23 23 123 Email: vodinhhien@sbsvietnam.vn www.euroklimat.com.vn V\u0103n ph\u00f2ng mi\u1ec1n Nam \u0110C: S42-2 SkyGarden 3, Ph\u00fa M\u1ef9 H\u01b0ng &#8211; Q7 &#8211; TP.HCM Hotline: 090 23 23 123 Email: vodinhhien@sbsvietnam.vn","og_url":"https:\/\/euroklimat.com.vn\/home\/lien-he\/","og_site_name":"Euroklimat Vi\u1ec7t Nam","article_modified_time":"2021-07-16T02:36:23+00:00","twitter_card":"summary_large_image","twitter_misc":{"\u01af\u1edbc t\u00ednh th\u1eddi gian \u0111\u1ecdc":"1 ph\u00fat"},"schema":{"@context":"https:\/\/schema.org","@graph":[{"@type":"WebPage","@id":"https:\/\/euroklimat.com.vn\/home\/lien-he\/","url":"https:\/\/euroklimat.com.vn\/home\/lien-he\/","name":"Li\u00ean h\u1ec7 - Euroklimat Vi\u1ec7t Nam","isPartOf":{"@id":"https:\/\/euroklimat.com.vn\/home\/#website"},"datePublished":"2021-04-15T06:40:50+00:00","dateModified":"2021-07-16T02:36:23+00:00","breadcrumb":{"@id":"https:\/\/euroklimat.com.vn\/home\/lien-he\/#breadcrumb"},"inLanguage":"vi","potentialAction":[{"@type":"ReadAction","target":["https:\/\/euroklimat.com.vn\/home\/lien-he\/"]}]},{"@type":"BreadcrumbList","@id":"https:\/\/euroklimat.com.vn\/home\/lien-he\/#breadcrumb","itemListElement":[{"@type":"ListItem","position":1,"name":"Trang ch\u1ee7","item":"https:\/\/euroklimat.com.vn\/home\/"},{"@type":"ListItem","position":2,"name":"Li\u00ean h\u1ec7"}]},{"@type":"WebSite","@id":"https:\/\/euroklimat.com.vn\/home\/#website","url":"https:\/\/euroklimat.com.vn\/home\/","name":"Euroklimat Vi\u1ec7t Nam","description":"\u0110i\u1ec1u h\u00f2a Euroklimat | \u0110i\u1ec1u h\u00f2a EK | \u0110i\u1ec1u h\u00f2a trung t\u00e2m Euroklimat | \u0110i\u1ec1u h\u00f2a ch\u00ednh x\u00e1c Euroklimat","potentialAction":[{"@type":"SearchAction","target":{"@type":"EntryPoint","urlTemplate":"https:\/\/euroklimat.com.vn\/home\/?s={search_term_string}"},"query-input":{"@type":"PropertyValueSpecification","valueRequired":true,"valueName":"search_term_string"}}],"inLanguage":"vi"}]}},"_links":{"self":[{"href":"https:\/\/euroklimat.com.vn\/home\/wp-json\/wp\/v2\/pages\/173","targetHints":{"allow":["GET"]}}],"collection":[{"href":"https:\/\/euroklimat.com.vn\/home\/wp-json\/wp\/v2\/pages"}],"about":[{"href":"https:\/\/euroklimat.com.vn\/home\/wp-json\/wp\/v2\/types\/page"}],"author":[{"embeddable":true,"href":"https:\/\/euroklimat.com.vn\/home\/wp-json\/wp\/v2\/users\/1"}],"replies":[{"embeddable":true,"href":"https:\/\/euroklimat.com.vn\/home\/wp-json\/wp\/v2\/comments?post=173"}],"version-history":[{"count":8,"href":"https:\/\/euroklimat.com.vn\/home\/wp-json\/wp\/v2\/pages\/173\/revisions"}],"predecessor-version":[{"id":234,"href":"https:\/\/euroklimat.com.vn\/home\/wp-json\/wp\/v2\/pages\/173\/revisions\/234"}],"wp:attachment":[{"href":"https:\/\/euroklimat.com.vn\/home\/wp-json\/wp\/v2\/media?parent=173"}],"curies":[{"name":"wp","href":"https:\/\/api.w.org\/{rel}","templated":true}]}}